{"id":22,"date":"2015-10-22T21:30:46","date_gmt":"2015-10-22T20:30:46","guid":{"rendered":"http:\/\/vsf64.fr\/?page_id=22"},"modified":"2025-10-22T15:33:34","modified_gmt":"2025-10-22T14:33:34","slug":"nos-actions","status":"publish","type":"page","link":"https:\/\/vsf64.fr\/index.php\/nos-actions\/","title":{"rendered":"Nos actions"},"content":{"rendered":"<h1 class=\"western\"><\/h1>\n<h2 class=\"western\"><strong>INDE <\/strong>:<\/h2>\n<p><b>Aide \u00e0 la scolarisation <\/b><b>d&rsquo;enfants aborig\u00e8nes tr\u00e8s pauvres <\/b>par le parrainage, pour leur offrir de meilleures perspectives d&rsquo;avenir. Action organis\u00e9e par l&rsquo;association indienne\u00a0 <a href=\"https:\/\/naitalimsamiti.org\/anand-niketan-school\/\">https:\/\/naitalimsamiti.org\/anand-niketan-school\/<\/a>\u00e0 Sewagram dans l\u2019\u00c9tat du Maharashtra.<\/p>\n<p><a href=\"https:\/\/i0.wp.com\/vsf64.fr\/wp-content\/uploads\/2015\/10\/Image2.jpg\" data-rel=\"lightbox-image-0\" data-rl_title=\"\" data-rl_caption=\"\" title=\"\"><img data-recalc-dims=\"1\" fetchpriority=\"high\" decoding=\"async\" data-attachment-id=\"43\" data-permalink=\"https:\/\/vsf64.fr\/index.php\/nos-actions\/image2\/\" data-orig-file=\"https:\/\/i0.wp.com\/vsf64.fr\/wp-content\/uploads\/2015\/10\/Image2.jpg?fit=1137%2C853&amp;ssl=1\" data-orig-size=\"1137,853\" data-comments-opened=\"0\" data-image-meta=\"{&quot;aperture&quot;:&quot;0&quot;,&quot;credit&quot;:&quot;&quot;,&quot;camera&quot;:&quot;&quot;,&quot;caption&quot;:&quot;&quot;,&quot;created_timestamp&quot;:&quot;0&quot;,&quot;copyright&quot;:&quot;&quot;,&quot;focal_length&quot;:&quot;0&quot;,&quot;iso&quot;:&quot;0&quot;,&quot;shutter_speed&quot;:&quot;0&quot;,&quot;title&quot;:&quot;&quot;,&quot;orientation&quot;:&quot;0&quot;}\" data-image-title=\"Ecole Inde\" data-image-description=\"\" data-image-caption=\"\" data-large-file=\"https:\/\/i0.wp.com\/vsf64.fr\/wp-content\/uploads\/2015\/10\/Image2.jpg?fit=640%2C480&amp;ssl=1\" class=\"alignnone size-medium wp-image-43\" src=\"https:\/\/i0.wp.com\/vsf64.fr\/wp-content\/uploads\/2015\/10\/Image2-300x225.jpg?resize=300%2C225\" alt=\"Ecole Inde\" width=\"300\" height=\"225\" srcset=\"https:\/\/i0.wp.com\/vsf64.fr\/wp-content\/uploads\/2015\/10\/Image2.jpg?resize=300%2C225&amp;ssl=1 300w, https:\/\/i0.wp.com\/vsf64.fr\/wp-content\/uploads\/2015\/10\/Image2.jpg?resize=1024%2C768&amp;ssl=1 1024w, https:\/\/i0.wp.com\/vsf64.fr\/wp-content\/uploads\/2015\/10\/Image2.jpg?w=1137&amp;ssl=1 1137w\" sizes=\"(max-width: 300px) 100vw, 300px\" \/><\/a>\u00c9coliers scolaris\u00e9s \u00e0 Sewagram.<\/p>\n<p>Dans le pass\u00e9 jusqu&rsquo;en 2017 : Aide \u00e0 un centre d\u2019<b>h\u00e9bergement de personnes \u00e2g\u00e9es<\/b> d\u00e9munies \u00e0 Pondichery \u2013 <a href=\"http:\/\/www.volontariat-inde.org\/nos-actions\/nos-maisons\/\" target=\"_blank\" rel=\"noopener noreferrer\">(Association Volontariat<\/a>) Foyer Ama\u00efdi Illam.\u00a0 \u00c9tat du Tamil Nadu. Les personnes accueillies avaient si peu de ressources qu&rsquo;elles vivaient dans la rue.<\/p>\n<p><a href=\"https:\/\/i0.wp.com\/vsf64.fr\/wp-content\/uploads\/2015\/10\/DSC07285-17402.jpg\" data-rel=\"lightbox-image-1\" data-rl_title=\"\" data-rl_caption=\"\" title=\"\"><img data-recalc-dims=\"1\" decoding=\"async\" data-attachment-id=\"44\" data-permalink=\"https:\/\/vsf64.fr\/index.php\/nos-actions\/dsc07285-17402\/\" data-orig-file=\"https:\/\/i0.wp.com\/vsf64.fr\/wp-content\/uploads\/2015\/10\/DSC07285-17402.jpg?fit=500%2C296&amp;ssl=1\" data-orig-size=\"500,296\" data-comments-opened=\"0\" data-image-meta=\"{&quot;aperture&quot;:&quot;0&quot;,&quot;credit&quot;:&quot;&quot;,&quot;camera&quot;:&quot;&quot;,&quot;caption&quot;:&quot;&quot;,&quot;created_timestamp&quot;:&quot;0&quot;,&quot;copyright&quot;:&quot;&quot;,&quot;focal_length&quot;:&quot;0&quot;,&quot;iso&quot;:&quot;0&quot;,&quot;shutter_speed&quot;:&quot;0&quot;,&quot;title&quot;:&quot;&quot;,&quot;orientation&quot;:&quot;0&quot;}\" data-image-title=\"Foyer Ama\u00efdi Illam\" data-image-description=\"\" data-image-caption=\"\" data-large-file=\"https:\/\/i0.wp.com\/vsf64.fr\/wp-content\/uploads\/2015\/10\/DSC07285-17402.jpg?fit=500%2C296&amp;ssl=1\" class=\"alignnone size-medium wp-image-44\" src=\"https:\/\/i0.wp.com\/vsf64.fr\/wp-content\/uploads\/2015\/10\/DSC07285-17402-300x178.jpg?resize=300%2C178\" alt=\"Foyer Ama\u00efdi Illam\" width=\"300\" height=\"178\" srcset=\"https:\/\/i0.wp.com\/vsf64.fr\/wp-content\/uploads\/2015\/10\/DSC07285-17402.jpg?resize=300%2C178&amp;ssl=1 300w, https:\/\/i0.wp.com\/vsf64.fr\/wp-content\/uploads\/2015\/10\/DSC07285-17402.jpg?w=500&amp;ssl=1 500w\" sizes=\"(max-width: 300px) 100vw, 300px\" \/><\/a> Foyer Ama\u00efdi Illam<\/p>\n<p>Soutien \u00e0 des <b>coop\u00e9ratives de femmes<\/b> vivants dans les villages autour de Wardha \u2013 Maharastra. Cela permet aux femmes de pouvoir travailler pour avoir de quoi nourrir leurs enfants. Deux effets particuli\u00e8rement positifs\u00a0: 1. les enfants n&rsquo;ont pas besoin de travailler pour faire vivre la famille et peuvent donc aller \u00e0 l&rsquo;\u00e9cole. 2. Les femmes sont moins d\u00e9pendantes financi\u00e8rement des hommes qui trop souvent gaspillent leur salaire dans les loisirs ou la boisson. Projets g\u00e9r\u00e9s par <a href=\"http:\/\/vsf64.fr\/index.php\/nos-partenaires\/\" target=\"_blank\" rel=\"noopener noreferrer\">Magan Sangrahalaya.<\/a><\/p>\n<p><a href=\"https:\/\/i0.wp.com\/vsf64.fr\/wp-content\/uploads\/2015\/10\/Coop%C3%A9rative-femmes-Wardha-1600x1200.jpg\" data-rel=\"lightbox-image-2\" data-rl_title=\"\" data-rl_caption=\"\" title=\"\"><img data-recalc-dims=\"1\" decoding=\"async\" data-attachment-id=\"46\" data-permalink=\"https:\/\/vsf64.fr\/index.php\/nos-actions\/cooperative-femmes-wardha-1600x1200\/\" data-orig-file=\"https:\/\/i0.wp.com\/vsf64.fr\/wp-content\/uploads\/2015\/10\/Coop%C3%A9rative-femmes-Wardha-1600x1200.jpg?fit=1600%2C996&amp;ssl=1\" data-orig-size=\"1600,996\" data-comments-opened=\"0\" data-image-meta=\"{&quot;aperture&quot;:&quot;0&quot;,&quot;credit&quot;:&quot;&quot;,&quot;camera&quot;:&quot;&quot;,&quot;caption&quot;:&quot;&quot;,&quot;created_timestamp&quot;:&quot;0&quot;,&quot;copyright&quot;:&quot;&quot;,&quot;focal_length&quot;:&quot;0&quot;,&quot;iso&quot;:&quot;0&quot;,&quot;shutter_speed&quot;:&quot;0&quot;,&quot;title&quot;:&quot;&quot;,&quot;orientation&quot;:&quot;1&quot;}\" data-image-title=\"Coop\u00e9rative femmes Wardha [1600&amp;#215;1200]\" data-image-description=\"\" data-image-caption=\"\" data-large-file=\"https:\/\/i0.wp.com\/vsf64.fr\/wp-content\/uploads\/2015\/10\/Coop%C3%A9rative-femmes-Wardha-1600x1200.jpg?fit=640%2C398&amp;ssl=1\" class=\"alignnone size-medium wp-image-46\" src=\"https:\/\/i0.wp.com\/vsf64.fr\/wp-content\/uploads\/2015\/10\/Coop%C3%A9rative-femmes-Wardha-1600x1200-300x187.jpg?resize=300%2C187\" alt=\"Coop\u00e9rative femmes Wardha\" width=\"300\" height=\"187\" srcset=\"https:\/\/i0.wp.com\/vsf64.fr\/wp-content\/uploads\/2015\/10\/Coop%C3%A9rative-femmes-Wardha-1600x1200.jpg?resize=300%2C187&amp;ssl=1 300w, https:\/\/i0.wp.com\/vsf64.fr\/wp-content\/uploads\/2015\/10\/Coop%C3%A9rative-femmes-Wardha-1600x1200.jpg?resize=1024%2C637&amp;ssl=1 1024w, https:\/\/i0.wp.com\/vsf64.fr\/wp-content\/uploads\/2015\/10\/Coop%C3%A9rative-femmes-Wardha-1600x1200.jpg?resize=1600%2C1200&amp;ssl=1 1600w, https:\/\/i0.wp.com\/vsf64.fr\/wp-content\/uploads\/2015\/10\/Coop%C3%A9rative-femmes-Wardha-1600x1200.jpg?w=1280&amp;ssl=1 1280w\" sizes=\"(max-width: 300px) 100vw, 300px\" \/><\/a><\/p>\n<p>Durant plus de 20 ans : Appui aux activit\u00e9s de \u00ab Maharogi Sewa Samiti \u00bb <a href=\"https:\/\/www.maharogisewasamiti.org\/our-founders\/\">https:\/\/www.maharogisewasamiti.org\/our-founders\/<\/a>, oeuvre de <strong>Baba AMTE<\/strong> qui s&rsquo;occupe de plusieurs centres pour l\u00e9preux et handicap\u00e9s :<\/p>\n<p>&#8211; <strong>Anandwan<\/strong> (village o\u00f9 vivent 2 500 handicap\u00e9s\/l\u00e9preux) : fourniture par notre interm\u00e9diaire, de mat\u00e9riel d\u2019irrigation profonde offert par l\u2019association hollandaise \u00ab Wilde Ganzen \u00bb<\/p>\n<p>Programmes communs avec l\u2019association suisse \u00ab Nouvelle Plan\u00e8te \u00bb.<\/p>\n<p>&#8211; <strong>Hemalkasa<\/strong> (h\u00f4pital). <strong>Lok Biradari Prakalp<\/strong> (qui signifie \u00ab fraternit\u00e9 entre les peuples \u00bb). Emission d\u2019un timbre par la Principaut\u00e9 de Monaco \u00e0 la suite de l\u2019intervention de <strong>\u00ab Villages sans Fronti\u00e8res \u00bb<\/strong>. R\u00e9sultat : fourniture de mat\u00e9riel technique (\u00e9chographe), d\u2019h\u00e9bergement (hangars) et de m\u00e9canique (ambulances).<\/p>\n<p>D\u00e9veloppement d&rsquo;un r\u00e9seau de parrainage pour aider aux \u00e9tudes d\u2019enfants aborig\u00e8nes \u00abtribals\u00bb.<\/p>\n<p><strong><span style=\"font-family: Times New Roman,serif;\"><span style=\"font-size: x-large;\">LAOS\u00a0:<\/span><\/span><\/strong><\/p>\n<p>Don de fournitures scolaires pour les enfants scolaris\u00e9s dans le village de Ban Hadmat (r\u00e9gion Luang Prabang). Don de m\u00e9dicaments destin\u00e9s aux plus d\u00e9munis.<\/p>\n<h2><strong>CAMBODGE :<\/strong><\/h2>\n<p>Dons de m\u00e9dicaments, de lunettes et de fournitures scolaires dans le village de Setakech (Preah Vihear) au nord de Siem Reap\u00a0 (Temples d&rsquo;Angkor).<\/p>\n<h2 class=\"western\"><strong>AFRIQUE<\/strong> :<\/h2>\n<p>Appui technique et <b>aide <\/b>financi\u00e8re <b>\u00e0 la r\u00e9novation d&rsquo;une classe<\/b> + apport de <b>fournitures scolaires <\/b><b>et sportives<\/b> au S\u00e9n\u00e9gal (Faoye) et au Maroc.<\/p>\n<h2 class=\"western\"><strong>FRANCE<\/strong> :<\/h2>\n<p>Collectes de mat\u00e9riel scolaire, m\u00e9dicaments, lunettes de vue, mat\u00e9riel sportif, \u2026<\/p>\n<p>Organisation de stages de Yoga au b\u00e9n\u00e9fice de l&rsquo;association.<\/p>\n<p>Organisation de soir\u00e9es de danse \u00e0 Arthez-de-B\u00e9arn<\/p>\n<p>Vente de g\u00e2teaux, de miel, de confitures, de Soli&rsquo;Sacs, de Soli&rsquo;Sapins, de d\u00e9coration en bonhommes de neige&#8230;<\/p>\n<p>Cr\u00e9ation de cartes de v\u0153ux porte-bonheur.<\/p>\n<p>Publication et vente d&rsquo;un livre sur Baba Amte.<\/p>\n<p>Tenue de stands (F\u00eate du Sel &#8211; march\u00e9s de No\u00ebl, etc.)<\/p>\n<p>Organisation de soir\u00e9es avec projection de vid\u00e9os.<\/p>\n<p>Traduction en fran\u00e7ais d&rsquo;un film sur l\u2019\u0153uvre de Baba Amte.<\/p>\n","protected":false},"excerpt":{"rendered":"<p>INDE : Aide \u00e0 la scolarisation d&rsquo;enfants aborig\u00e8nes tr\u00e8s pauvres par le parrainage, pour leur offrir de meilleures perspectives d&rsquo;avenir. Action organis\u00e9e par l&rsquo;association indienne\u00a0 https:\/\/naitalimsamiti.org\/anand-niketan-school\/\u00e0 Sewagram dans l\u2019\u00c9tat du Maharashtra. \u00c9coliers scolaris\u00e9s \u00e0 Sewagram. Dans le pass\u00e9 jusqu&rsquo;en 2017 &hellip; <a href=\"https:\/\/vsf64.fr\/index.php\/nos-actions\/\">Continuer la lecture <span class=\"meta-nav\">&rarr;<\/span><\/a><\/p>\n","protected":false},"author":1,"featured_media":0,"parent":0,"menu_order":0,"comment_status":"closed","ping_status":"closed","template":"","meta":{"jetpack_post_was_ever_published":false,"footnotes":""},"class_list":["post-22","page","type-page","status-publish","hentry"],"jetpack_sharing_enabled":true,"jetpack_shortlink":"https:\/\/wp.me\/P8Gxst-m","jetpack-related-posts":[{"id":181,"url":"https:\/\/vsf64.fr\/index.php\/devenir-membre\/","url_meta":{"origin":22,"position":0},"title":"Devenir membre","author":"maria64","date":"26 novembre 2015","format":false,"excerpt":"Vous souhaitez devenir membre de l'association Villages Sans Fronti\u00e8res ? (sous r\u00e9serve d'\u00eatre agr\u00e9\u00e9 par le Conseil d'Administration). et\/ou devenir parrain ou marraine d'une classe indienne\u00a0 ? et\/ ou faire un don \u00e0 l'association pour les projets qu'elle soutient ? ( 66 % d\u00e9ductible des imp\u00f4ts ) Contactez-nous par courrier\u2026","rel":"","context":"Article similaire","block_context":{"text":"Article similaire","link":""},"img":{"alt_text":"LOGO VSF","src":"https:\/\/i0.wp.com\/vsf64.fr\/wp-content\/uploads\/2015\/11\/Logo-VSF.jpg?resize=350%2C200","width":350,"height":200},"classes":[]},{"id":355,"url":"https:\/\/vsf64.fr\/index.php\/nos-partenaires\/magan-sangrahalaya-a-wardha\/","url_meta":{"origin":22,"position":1},"title":"Magan Sangrahalaya \u00e0 Wardha","author":"maria64","date":"18 octobre 2016","format":false,"excerpt":"L\u2019association Magan Sangrahalaya repr\u00e9sent\u00e9e par Dr Vibha Gupta. Cette association\u00a0 s\u2019occupe essentiellement de venir en aide aux femmes qui ont besoin de travailler pour faire vivre leur famille. L\u2019\u00e9quipe de Magan Sangrahalaya forme, accompagne et soutient des milliers de femmes de plus de 100 villages aux alentours de Wardha (proche\u2026","rel":"","context":"Article similaire","block_context":{"text":"Article similaire","link":""},"img":{"alt_text":"Dr Vibha Gupta","src":"https:\/\/i0.wp.com\/vsf64.fr\/wp-content\/uploads\/2015\/11\/Vibha.jpg?resize=350%2C200","width":350,"height":200},"classes":[]},{"id":103,"url":"https:\/\/vsf64.fr\/index.php\/nos-partenaires\/","url_meta":{"origin":22,"position":2},"title":"Nos partenaires","author":"maria64","date":"16 novembre 2015","format":false,"excerpt":"En Inde : L'association Magan Sangrahalaya repr\u00e9sent\u00e9e par Dr Vibha Gupta. Cette association s'occupe essentiellement de venir en aide aux femmes qui ont besoin de travailler pour faire vivre leur famille. L'\u00e9quipe de Magan Sangrahalaya forme, accompagne et soutient des centaines de femmes de 40 villages aux alentours de Wardha\u2026","rel":"","context":"Article similaire","block_context":{"text":"Article similaire","link":""},"img":{"alt_text":"","src":"https:\/\/i0.wp.com\/vsf64.fr\/wp-content\/uploads\/2025\/10\/IMG_20250301_162606-169x300.jpg?resize=350%2C200&ssl=1","width":350,"height":200},"classes":[]},{"id":18,"url":"https:\/\/vsf64.fr\/index.php\/qui-sommes-nous\/","url_meta":{"origin":22,"position":3},"title":"Qui sommes-nous ?","author":"maria64","date":"22 octobre 2015","format":false,"excerpt":"Les membres de Villages Sans Fronti\u00e8res Les fondateurs de l\u2019association Villages Sans Fronti\u00e8res Margrietha (dite Greet) BARTH\u00c9LEMY van der Kreek. De nationalit\u00e9 Hollandaise et Fran\u00e7aise, est n\u00e9e en 1926, est devenue une brillante \u00e9tudiante en m\u00e9decine, doubl\u00e9e, dans les ann\u00e9es 1940-1944, d\u2019une r\u00e9sistante fort active. Guy et Greet avec le\u2026","rel":"","context":"Article similaire","block_context":{"text":"Article similaire","link":""},"img":{"alt_text":"AG mai 2025","src":"https:\/\/i0.wp.com\/vsf64.fr\/wp-content\/uploads\/2025\/10\/Avant-le-gouter-300x225.jpg?resize=350%2C200&ssl=1","width":350,"height":200},"classes":[]},{"id":219,"url":"https:\/\/vsf64.fr\/index.php\/nos-partenaires\/baba-amte\/","url_meta":{"origin":22,"position":4},"title":"Baba Amte","author":"maria64","date":"2 d\u00e9cembre 2015","format":false,"excerpt":"BABA AMTE N\u00e9 en 1914, d\u2019origine brahmane (caste la plus \u00e9lev\u00e9e de l\u2019Inde) et d\u2019une famille r\u00e9put\u00e9e dans l\u2019\u00e9tat de Maharastra, centre de l'Inde), il fait des \u00e9tudes et devient avocat. Il dispose d\u2019un cabinet florissant. Mari\u00e9 et p\u00e8re de deux gar\u00e7ons (Vikas et Prakash), la vie lui ouvre des\u2026","rel":"","context":"Article similaire","block_context":{"text":"Article similaire","link":""},"img":{"alt_text":"Baba Amte","src":"https:\/\/i0.wp.com\/vsf64.fr\/wp-content\/uploads\/2015\/12\/babaamte.jpg?resize=350%2C200","width":350,"height":200},"classes":[]},{"id":54,"url":"https:\/\/vsf64.fr\/index.php\/dans-la-presse\/","url_meta":{"origin":22,"position":5},"title":"Dans la presse","author":"maria64","date":"15 novembre 2015","format":false,"excerpt":"Articles r\u00e9cents : La presse locale parle de VSF ! Merci Jean-Fran\u00e7ois pour ce compte-rendu clair et pr\u00e9cis. Notre bilan de l'ann\u00e9e 2022 avec tous les d\u00e9tails ! Merci Jean-Fran\u00e7ois ! La R\u00e9publique Septembre 2018 La R\u00e9publique Avril 2018 Sud Ouest Avril 2017 Echo B\u00e9arnais Novembre 2016 Echo B\u00e9arnais f\u00e9vrier\u2026","rel":"","context":"Article similaire","block_context":{"text":"Article similaire","link":""},"img":{"alt_text":"Presse1995","src":"https:\/\/i0.wp.com\/vsf64.fr\/wp-content\/uploads\/2019\/08\/Presse1995-Copier.jpg?fit=1200%2C1114&ssl=1&resize=350%2C200","width":350,"height":200,"srcset":"https:\/\/i0.wp.com\/vsf64.fr\/wp-content\/uploads\/2019\/08\/Presse1995-Copier.jpg?fit=1200%2C1114&ssl=1&resize=350%2C200 1x, https:\/\/i0.wp.com\/vsf64.fr\/wp-content\/uploads\/2019\/08\/Presse1995-Copier.jpg?fit=1200%2C1114&ssl=1&resize=525%2C300 1.5x, https:\/\/i0.wp.com\/vsf64.fr\/wp-content\/uploads\/2019\/08\/Presse1995-Copier.jpg?fit=1200%2C1114&ssl=1&resize=700%2C400 2x, https:\/\/i0.wp.com\/vsf64.fr\/wp-content\/uploads\/2019\/08\/Presse1995-Copier.jpg?fit=1200%2C1114&ssl=1&resize=1050%2C600 3x"},"classes":[]}],"_links":{"self":[{"href":"https:\/\/vsf64.fr\/index.php\/wp-json\/wp\/v2\/pages\/22","targetHints":{"allow":["GET"]}}],"collection":[{"href":"https:\/\/vsf64.fr\/index.php\/wp-json\/wp\/v2\/pages"}],"about":[{"href":"https:\/\/vsf64.fr\/index.php\/wp-json\/wp\/v2\/types\/page"}],"author":[{"embeddable":true,"href":"https:\/\/vsf64.fr\/index.php\/wp-json\/wp\/v2\/users\/1"}],"replies":[{"embeddable":true,"href":"https:\/\/vsf64.fr\/index.php\/wp-json\/wp\/v2\/comments?post=22"}],"version-history":[{"count":13,"href":"https:\/\/vsf64.fr\/index.php\/wp-json\/wp\/v2\/pages\/22\/revisions"}],"predecessor-version":[{"id":1807,"href":"https:\/\/vsf64.fr\/index.php\/wp-json\/wp\/v2\/pages\/22\/revisions\/1807"}],"wp:attachment":[{"href":"https:\/\/vsf64.fr\/index.php\/wp-json\/wp\/v2\/media?parent=22"}],"curies":[{"name":"wp","href":"https:\/\/api.w.org\/{rel}","templated":true}]}}