{"id":181,"date":"2015-11-26T22:32:35","date_gmt":"2015-11-26T21:32:35","guid":{"rendered":"http:\/\/vsf64.fr\/?page_id=181"},"modified":"2025-10-22T15:12:40","modified_gmt":"2025-10-22T14:12:40","slug":"devenir-membre","status":"publish","type":"page","link":"https:\/\/vsf64.fr\/index.php\/devenir-membre\/","title":{"rendered":"Devenir membre"},"content":{"rendered":"<h3><a href=\"https:\/\/i0.wp.com\/vsf64.fr\/wp-content\/uploads\/2015\/11\/Logo-VSF.jpg\" data-rel=\"lightbox-image-0\" data-rl_title=\"\" data-rl_caption=\"\" title=\"\"><img data-recalc-dims=\"1\" fetchpriority=\"high\" decoding=\"async\" data-attachment-id=\"364\" data-permalink=\"https:\/\/vsf64.fr\/index.php\/devenir-membre\/logo-vsf-2\/\" data-orig-file=\"https:\/\/i0.wp.com\/vsf64.fr\/wp-content\/uploads\/2015\/11\/Logo-VSF.jpg?fit=2362%2C2362&amp;ssl=1\" data-orig-size=\"2362,2362\" data-comments-opened=\"0\" data-image-meta=\"{&quot;aperture&quot;:&quot;0&quot;,&quot;credit&quot;:&quot;&quot;,&quot;camera&quot;:&quot;&quot;,&quot;caption&quot;:&quot;&quot;,&quot;created_timestamp&quot;:&quot;0&quot;,&quot;copyright&quot;:&quot;&quot;,&quot;focal_length&quot;:&quot;0&quot;,&quot;iso&quot;:&quot;0&quot;,&quot;shutter_speed&quot;:&quot;0&quot;,&quot;title&quot;:&quot;&quot;,&quot;orientation&quot;:&quot;0&quot;}\" data-image-title=\"LOGO VSF\" data-image-description=\"\" data-image-caption=\"\" data-medium-file=\"https:\/\/i0.wp.com\/vsf64.fr\/wp-content\/uploads\/2015\/11\/Logo-VSF.jpg?fit=300%2C300&amp;ssl=1\" data-large-file=\"https:\/\/i0.wp.com\/vsf64.fr\/wp-content\/uploads\/2015\/11\/Logo-VSF.jpg?fit=640%2C640&amp;ssl=1\" class=\"wp-image-364 aligncenter\" src=\"https:\/\/i0.wp.com\/vsf64.fr\/wp-content\/uploads\/2015\/11\/Logo-VSF.jpg?resize=278%2C278\" alt=\"LOGO VSF\" width=\"278\" height=\"278\" srcset=\"https:\/\/i0.wp.com\/vsf64.fr\/wp-content\/uploads\/2015\/11\/Logo-VSF.jpg?w=2362&amp;ssl=1 2362w, https:\/\/i0.wp.com\/vsf64.fr\/wp-content\/uploads\/2015\/11\/Logo-VSF.jpg?resize=150%2C150&amp;ssl=1 150w, https:\/\/i0.wp.com\/vsf64.fr\/wp-content\/uploads\/2015\/11\/Logo-VSF.jpg?resize=300%2C300&amp;ssl=1 300w, https:\/\/i0.wp.com\/vsf64.fr\/wp-content\/uploads\/2015\/11\/Logo-VSF.jpg?resize=1024%2C1024&amp;ssl=1 1024w, https:\/\/i0.wp.com\/vsf64.fr\/wp-content\/uploads\/2015\/11\/Logo-VSF.jpg?resize=600%2C600&amp;ssl=1 600w, https:\/\/i0.wp.com\/vsf64.fr\/wp-content\/uploads\/2015\/11\/Logo-VSF.jpg?w=1280&amp;ssl=1 1280w, https:\/\/i0.wp.com\/vsf64.fr\/wp-content\/uploads\/2015\/11\/Logo-VSF.jpg?w=1920&amp;ssl=1 1920w\" sizes=\"(max-width: 278px) 100vw, 278px\" \/><\/a>Vous souhaitez devenir membre de l&rsquo;association Villages Sans Fronti\u00e8res ? (sous r\u00e9serve d&rsquo;\u00eatre agr\u00e9\u00e9 par le Conseil d&rsquo;Administration).<\/h3>\n<h3>et\/ou devenir parrain ou marraine d&rsquo;une classe indienne\u00a0 ?<\/h3>\n<h3>et\/ ou faire un don \u00e0 l&rsquo;association pour les projets qu&rsquo;elle soutient ? ( 66 % d\u00e9ductible des imp\u00f4ts )<\/h3>\n<p><a href=\"https:\/\/i0.wp.com\/vsf64.fr\/wp-content\/uploads\/2015\/11\/Image15.jpg\" data-rel=\"lightbox-image-1\" data-rl_title=\"\" data-rl_caption=\"\" title=\"\"><img data-recalc-dims=\"1\" decoding=\"async\" data-attachment-id=\"215\" data-permalink=\"https:\/\/vsf64.fr\/index.php\/devenir-membre\/image15\/\" data-orig-file=\"https:\/\/i0.wp.com\/vsf64.fr\/wp-content\/uploads\/2015\/11\/Image15.jpg?fit=1200%2C900&amp;ssl=1\" data-orig-size=\"1200,900\" data-comments-opened=\"0\" data-image-meta=\"{&quot;aperture&quot;:&quot;0&quot;,&quot;credit&quot;:&quot;&quot;,&quot;camera&quot;:&quot;&quot;,&quot;caption&quot;:&quot;&quot;,&quot;created_timestamp&quot;:&quot;0&quot;,&quot;copyright&quot;:&quot;&quot;,&quot;focal_length&quot;:&quot;0&quot;,&quot;iso&quot;:&quot;0&quot;,&quot;shutter_speed&quot;:&quot;0&quot;,&quot;title&quot;:&quot;&quot;,&quot;orientation&quot;:&quot;0&quot;}\" data-image-title=\"Ecoli\u00e8res Sewagram\" data-image-description=\"\" data-image-caption=\"\" data-medium-file=\"https:\/\/i0.wp.com\/vsf64.fr\/wp-content\/uploads\/2015\/11\/Image15.jpg?fit=300%2C225&amp;ssl=1\" data-large-file=\"https:\/\/i0.wp.com\/vsf64.fr\/wp-content\/uploads\/2015\/11\/Image15.jpg?fit=640%2C480&amp;ssl=1\" class=\"size-medium wp-image-215 aligncenter\" src=\"https:\/\/i0.wp.com\/vsf64.fr\/wp-content\/uploads\/2015\/11\/Image15-300x225.jpg?resize=300%2C225\" alt=\"Ecoli\u00e8res \u00e9cole Sewagram\" width=\"300\" height=\"225\" srcset=\"https:\/\/i0.wp.com\/vsf64.fr\/wp-content\/uploads\/2015\/11\/Image15.jpg?resize=300%2C225&amp;ssl=1 300w, https:\/\/i0.wp.com\/vsf64.fr\/wp-content\/uploads\/2015\/11\/Image15.jpg?resize=1024%2C768&amp;ssl=1 1024w, https:\/\/i0.wp.com\/vsf64.fr\/wp-content\/uploads\/2015\/11\/Image15.jpg?resize=600%2C450&amp;ssl=1 600w, https:\/\/i0.wp.com\/vsf64.fr\/wp-content\/uploads\/2015\/11\/Image15.jpg?w=1200&amp;ssl=1 1200w\" sizes=\"(max-width: 300px) 100vw, 300px\" \/><\/a><\/p>\n<h2>Contactez-nous par courrier \u00e0 l&rsquo;adresse :<\/h2>\n<h2><strong>Villages Sans Fronti\u00e8res, 16 Impasse Lasbordes <\/strong><\/h2>\n<h3><strong>64270 SALIES DE B\u00c9ARN<\/strong><\/h3>\n<h2>ou par mail : <strong>villages.sans.frontieres@laposte.net<\/strong><\/h2>\n<h2>ou au t\u00e9l\u00e9phone au <strong>05 59 38 06 21<\/strong> (r\u00e9pondeur)<\/h2>\n","protected":false},"excerpt":{"rendered":"<p>Vous souhaitez devenir membre de l&rsquo;association Villages Sans Fronti\u00e8res ? (sous r\u00e9serve d&rsquo;\u00eatre agr\u00e9\u00e9 par le Conseil d&rsquo;Administration). et\/ou devenir parrain ou marraine d&rsquo;une classe indienne\u00a0 ? et\/ ou faire un don \u00e0 l&rsquo;association pour les projets qu&rsquo;elle soutient ? &hellip; <a href=\"https:\/\/vsf64.fr\/index.php\/devenir-membre\/\">Continuer la lecture <span class=\"meta-nav\">&rarr;<\/span><\/a><\/p>\n","protected":false},"author":1,"featured_media":0,"parent":0,"menu_order":6,"comment_status":"closed","ping_status":"closed","template":"","meta":{"jetpack_post_was_ever_published":false,"footnotes":""},"class_list":["post-181","page","type-page","status-publish","hentry"],"jetpack_sharing_enabled":true,"jetpack_shortlink":"https:\/\/wp.me\/P8Gxst-2V","jetpack-related-posts":[{"id":103,"url":"https:\/\/vsf64.fr\/index.php\/nos-partenaires\/","url_meta":{"origin":181,"position":0},"title":"Nos partenaires","author":"maria64","date":"16 novembre 2015","format":false,"excerpt":"En Inde : L'association Magan Sangrahalaya repr\u00e9sent\u00e9e par Dr Vibha Gupta. Cette association s'occupe essentiellement de venir en aide aux femmes qui ont besoin de travailler pour faire vivre leur famille. L'\u00e9quipe de Magan Sangrahalaya forme, accompagne et soutient des centaines de femmes de 40 villages aux alentours de Wardha\u2026","rel":"","context":"Article similaire","block_context":{"text":"Article similaire","link":""},"img":{"alt_text":"","src":"https:\/\/i0.wp.com\/vsf64.fr\/wp-content\/uploads\/2025\/10\/IMG_20250301_162606-169x300.jpg?resize=350%2C200&ssl=1","width":350,"height":200},"classes":[]},{"id":355,"url":"https:\/\/vsf64.fr\/index.php\/nos-partenaires\/magan-sangrahalaya-a-wardha\/","url_meta":{"origin":181,"position":1},"title":"Magan Sangrahalaya \u00e0 Wardha","author":"maria64","date":"18 octobre 2016","format":false,"excerpt":"L\u2019association Magan Sangrahalaya repr\u00e9sent\u00e9e par Dr Vibha Gupta. Cette association\u00a0 s\u2019occupe essentiellement de venir en aide aux femmes qui ont besoin de travailler pour faire vivre leur famille. L\u2019\u00e9quipe de Magan Sangrahalaya forme, accompagne et soutient des milliers de femmes de plus de 100 villages aux alentours de Wardha (proche\u2026","rel":"","context":"Article similaire","block_context":{"text":"Article similaire","link":""},"img":{"alt_text":"Dr Vibha Gupta","src":"https:\/\/i0.wp.com\/vsf64.fr\/wp-content\/uploads\/2015\/11\/Vibha.jpg?resize=350%2C200","width":350,"height":200},"classes":[]},{"id":22,"url":"https:\/\/vsf64.fr\/index.php\/nos-actions\/","url_meta":{"origin":181,"position":2},"title":"Nos actions","author":"maria64","date":"22 octobre 2015","format":false,"excerpt":"INDE : Aide \u00e0 la scolarisation d'enfants aborig\u00e8nes tr\u00e8s pauvres par le parrainage, pour leur offrir de meilleures perspectives d'avenir. Action organis\u00e9e par l'association indienne\u00a0 https:\/\/naitalimsamiti.org\/anand-niketan-school\/\u00e0 Sewagram dans l\u2019\u00c9tat du Maharashtra. \u00c9coliers scolaris\u00e9s \u00e0 Sewagram. Dans le pass\u00e9 jusqu'en 2017 : Aide \u00e0 un centre d\u2019h\u00e9bergement de personnes \u00e2g\u00e9es d\u00e9munies\u2026","rel":"","context":"Article similaire","block_context":{"text":"Article similaire","link":""},"img":{"alt_text":"Ecole Inde","src":"https:\/\/i0.wp.com\/vsf64.fr\/wp-content\/uploads\/2015\/10\/Image2-300x225.jpg?resize=350%2C200","width":350,"height":200},"classes":[]},{"id":100,"url":"https:\/\/vsf64.fr\/index.php\/contact\/","url_meta":{"origin":181,"position":3},"title":"Contact","author":"maria64","date":"16 novembre 2015","format":false,"excerpt":"Pour nous contacter : villages.sans.frontieres@laposte.net ou par courrier : Villages Sans Fronti\u00e8res 16 IMPASSE Lasbordes 64270 SALIES-DE-BEARN ou au t\u00e9l\u00e9phone : 05 59 38 06 21","rel":"","context":"Article similaire","block_context":{"text":"Article similaire","link":""},"img":{"alt_text":"ComputerScience","src":"https:\/\/i0.wp.com\/vsf64.fr\/wp-content\/uploads\/2015\/11\/ComputerScience-150x150.jpg?resize=350%2C200","width":350,"height":200},"classes":[]},{"id":18,"url":"https:\/\/vsf64.fr\/index.php\/qui-sommes-nous\/","url_meta":{"origin":181,"position":4},"title":"Qui sommes-nous ?","author":"maria64","date":"22 octobre 2015","format":false,"excerpt":"Les membres de Villages Sans Fronti\u00e8res Les fondateurs de l\u2019association Villages Sans Fronti\u00e8res Margrietha (dite Greet) BARTH\u00c9LEMY van der Kreek. De nationalit\u00e9 Hollandaise et Fran\u00e7aise, est n\u00e9e en 1926, est devenue une brillante \u00e9tudiante en m\u00e9decine, doubl\u00e9e, dans les ann\u00e9es 1940-1944, d\u2019une r\u00e9sistante fort active. Guy et Greet avec le\u2026","rel":"","context":"Article similaire","block_context":{"text":"Article similaire","link":""},"img":{"alt_text":"AG mai 2025","src":"https:\/\/i0.wp.com\/vsf64.fr\/wp-content\/uploads\/2025\/10\/Avant-le-gouter-300x225.jpg?resize=350%2C200&ssl=1","width":350,"height":200},"classes":[]},{"id":94,"url":"https:\/\/vsf64.fr\/index.php\/notre-association\/","url_meta":{"origin":181,"position":5},"title":"Notre association","author":"maria64","date":"16 novembre 2015","format":false,"excerpt":"VILLAGES SANS FRONTI\u00c8RES Association de loi 1901 a \u00e9t\u00e9 cr\u00e9\u00e9e en 1984 par Guy et Greet BARTH\u00c9LEMY\u00a0 \u2020 (anciens collaborateurs du Dr Albert SCHWEITZER \u00e0 Lambar\u00e9n\u00e9 - Gabon). Son objet est d\u2019aider au d\u00e9veloppement de toutes les valeurs r\u00e9elles de la vie villageoise, y compris sur le plan culturel, social\u2026","rel":"","context":"Article similaire","block_context":{"text":"Article similaire","link":""},"img":{"alt_text":"LOGO VSF","src":"https:\/\/i0.wp.com\/vsf64.fr\/wp-content\/uploads\/2015\/11\/Logo-VSF.jpg?resize=350%2C200","width":350,"height":200},"classes":[]}],"_links":{"self":[{"href":"https:\/\/vsf64.fr\/index.php\/wp-json\/wp\/v2\/pages\/181","targetHints":{"allow":["GET"]}}],"collection":[{"href":"https:\/\/vsf64.fr\/index.php\/wp-json\/wp\/v2\/pages"}],"about":[{"href":"https:\/\/vsf64.fr\/index.php\/wp-json\/wp\/v2\/types\/page"}],"author":[{"embeddable":true,"href":"https:\/\/vsf64.fr\/index.php\/wp-json\/wp\/v2\/users\/1"}],"replies":[{"embeddable":true,"href":"https:\/\/vsf64.fr\/index.php\/wp-json\/wp\/v2\/comments?post=181"}],"version-history":[{"count":22,"href":"https:\/\/vsf64.fr\/index.php\/wp-json\/wp\/v2\/pages\/181\/revisions"}],"predecessor-version":[{"id":1802,"href":"https:\/\/vsf64.fr\/index.php\/wp-json\/wp\/v2\/pages\/181\/revisions\/1802"}],"wp:attachment":[{"href":"https:\/\/vsf64.fr\/index.php\/wp-json\/wp\/v2\/media?parent=181"}],"curies":[{"name":"wp","href":"https:\/\/api.w.org\/{rel}","templated":true}]}}