{"id":18,"date":"2015-10-22T21:25:46","date_gmt":"2015-10-22T20:25:46","guid":{"rendered":"http:\/\/vsf64.fr\/?page_id=18"},"modified":"2025-10-22T15:52:27","modified_gmt":"2025-10-22T14:52:27","slug":"qui-sommes-nous","status":"publish","type":"page","link":"https:\/\/vsf64.fr\/index.php\/qui-sommes-nous\/","title":{"rendered":"Qui sommes-nous ?"},"content":{"rendered":"<h3 class=\"western\"><span style=\"text-decoration: underline;\"><strong>Les membres de Villages Sans Fronti\u00e8res<\/strong><\/span><\/h3>\n<div id=\"attachment_1815\" style=\"width: 310px\" class=\"wp-caption aligncenter\"><a href=\"https:\/\/i0.wp.com\/vsf64.fr\/wp-content\/uploads\/2025\/10\/Avant-le-gouter-scaled.jpg?ssl=1\" data-rel=\"lightbox-image-0\" data-rl_title=\"\" data-rl_caption=\"\" title=\"\"><img data-recalc-dims=\"1\" fetchpriority=\"high\" decoding=\"async\" aria-describedby=\"caption-attachment-1815\" data-attachment-id=\"1815\" data-permalink=\"https:\/\/vsf64.fr\/index.php\/qui-sommes-nous\/avant-le-gouter\/\" data-orig-file=\"https:\/\/i0.wp.com\/vsf64.fr\/wp-content\/uploads\/2025\/10\/Avant-le-gouter-scaled.jpg?fit=2560%2C1920&amp;ssl=1\" data-orig-size=\"2560,1920\" data-comments-opened=\"0\" data-image-meta=\"{&quot;aperture&quot;:&quot;1.8&quot;,&quot;credit&quot;:&quot;&quot;,&quot;camera&quot;:&quot;iPhone SE (3rd generation)&quot;,&quot;caption&quot;:&quot;&quot;,&quot;created_timestamp&quot;:&quot;1746719567&quot;,&quot;copyright&quot;:&quot;&quot;,&quot;focal_length&quot;:&quot;3.99&quot;,&quot;iso&quot;:&quot;32&quot;,&quot;shutter_speed&quot;:&quot;0.00078186082877248&quot;,&quot;title&quot;:&quot;&quot;,&quot;orientation&quot;:&quot;1&quot;}\" data-image-title=\"Avant le gou\u0302ter\" data-image-description=\"&lt;p&gt;AG mai 2025&lt;\/p&gt;\n\" data-image-caption=\"&lt;p&gt;AG mai 2025&lt;\/p&gt;\n\" data-medium-file=\"https:\/\/i0.wp.com\/vsf64.fr\/wp-content\/uploads\/2025\/10\/Avant-le-gouter-scaled.jpg?fit=300%2C225&amp;ssl=1\" data-large-file=\"https:\/\/i0.wp.com\/vsf64.fr\/wp-content\/uploads\/2025\/10\/Avant-le-gouter-scaled.jpg?fit=640%2C480&amp;ssl=1\" class=\"size-medium wp-image-1815\" src=\"https:\/\/i0.wp.com\/vsf64.fr\/wp-content\/uploads\/2025\/10\/Avant-le-gouter.jpg?resize=300%2C225&#038;ssl=1\" alt=\"AG mai 2025\" width=\"300\" height=\"225\" srcset=\"https:\/\/i0.wp.com\/vsf64.fr\/wp-content\/uploads\/2025\/10\/Avant-le-gouter-scaled.jpg?resize=300%2C225&amp;ssl=1 300w, https:\/\/i0.wp.com\/vsf64.fr\/wp-content\/uploads\/2025\/10\/Avant-le-gouter-scaled.jpg?resize=1024%2C768&amp;ssl=1 1024w, https:\/\/i0.wp.com\/vsf64.fr\/wp-content\/uploads\/2025\/10\/Avant-le-gouter-scaled.jpg?resize=768%2C576&amp;ssl=1 768w, https:\/\/i0.wp.com\/vsf64.fr\/wp-content\/uploads\/2025\/10\/Avant-le-gouter-scaled.jpg?resize=1536%2C1152&amp;ssl=1 1536w, https:\/\/i0.wp.com\/vsf64.fr\/wp-content\/uploads\/2025\/10\/Avant-le-gouter-scaled.jpg?resize=2048%2C1536&amp;ssl=1 2048w, https:\/\/i0.wp.com\/vsf64.fr\/wp-content\/uploads\/2025\/10\/Avant-le-gouter-scaled.jpg?w=1280&amp;ssl=1 1280w, https:\/\/i0.wp.com\/vsf64.fr\/wp-content\/uploads\/2025\/10\/Avant-le-gouter-scaled.jpg?w=1920&amp;ssl=1 1920w\" sizes=\"(max-width: 300px) 100vw, 300px\" \/><\/a><p id=\"caption-attachment-1815\" class=\"wp-caption-text\">AG mai 2025<\/p><\/div>\n<div id=\"attachment_649\" style=\"width: 410px\" class=\"wp-caption alignleft\"><a href=\"https:\/\/i0.wp.com\/vsf64.fr\/wp-content\/uploads\/2019\/03\/23-mars-2019-Copier.jpg\" data-rel=\"lightbox-image-1\" data-rl_title=\"\" data-rl_caption=\"\" title=\"\"><img data-recalc-dims=\"1\" decoding=\"async\" aria-describedby=\"caption-attachment-649\" data-attachment-id=\"649\" data-permalink=\"https:\/\/vsf64.fr\/index.php\/2019\/04\/01\/lassemblee-generale-a-eu-lieu\/23-mars-2019-copier\/\" data-orig-file=\"https:\/\/i0.wp.com\/vsf64.fr\/wp-content\/uploads\/2019\/03\/23-mars-2019-Copier.jpg?fit=1600%2C1131&amp;ssl=1\" data-orig-size=\"1600,1131\" data-comments-opened=\"0\" data-image-meta=\"{&quot;aperture&quot;:&quot;2.8&quot;,&quot;credit&quot;:&quot;&quot;,&quot;camera&quot;:&quot;DMC-FZ200&quot;,&quot;caption&quot;:&quot;&quot;,&quot;created_timestamp&quot;:&quot;1553381986&quot;,&quot;copyright&quot;:&quot;&quot;,&quot;focal_length&quot;:&quot;4.5&quot;,&quot;iso&quot;:&quot;100&quot;,&quot;shutter_speed&quot;:&quot;0.00625&quot;,&quot;title&quot;:&quot;&quot;,&quot;orientation&quot;:&quot;1&quot;}\" data-image-title=\"23 mars 2019 (Copier)\" data-image-description=\"\" data-image-caption=\"&lt;p&gt;Une bonne \u00e9quipe rassembl\u00e9e pour l&amp;rsquo;Assembl\u00e9e G\u00e9n\u00e9rale 2019&lt;\/p&gt;\n\" data-medium-file=\"https:\/\/i0.wp.com\/vsf64.fr\/wp-content\/uploads\/2019\/03\/23-mars-2019-Copier.jpg?fit=300%2C212&amp;ssl=1\" data-large-file=\"https:\/\/i0.wp.com\/vsf64.fr\/wp-content\/uploads\/2019\/03\/23-mars-2019-Copier.jpg?fit=640%2C453&amp;ssl=1\" class=\" wp-image-649\" src=\"https:\/\/i0.wp.com\/vsf64.fr\/wp-content\/uploads\/2019\/03\/23-mars-2019-Copier.jpg?resize=400%2C283\" alt=\"\" width=\"400\" height=\"283\" srcset=\"https:\/\/i0.wp.com\/vsf64.fr\/wp-content\/uploads\/2019\/03\/23-mars-2019-Copier.jpg?w=1600&amp;ssl=1 1600w, https:\/\/i0.wp.com\/vsf64.fr\/wp-content\/uploads\/2019\/03\/23-mars-2019-Copier.jpg?resize=300%2C212&amp;ssl=1 300w, https:\/\/i0.wp.com\/vsf64.fr\/wp-content\/uploads\/2019\/03\/23-mars-2019-Copier.jpg?resize=768%2C543&amp;ssl=1 768w, https:\/\/i0.wp.com\/vsf64.fr\/wp-content\/uploads\/2019\/03\/23-mars-2019-Copier.jpg?resize=1024%2C724&amp;ssl=1 1024w, https:\/\/i0.wp.com\/vsf64.fr\/wp-content\/uploads\/2019\/03\/23-mars-2019-Copier.jpg?w=1280&amp;ssl=1 1280w\" sizes=\"(max-width: 400px) 100vw, 400px\" \/><\/a><p id=\"caption-attachment-649\" class=\"wp-caption-text\">Une bonne \u00e9quipe rassembl\u00e9e pour l&rsquo;Assembl\u00e9e G\u00e9n\u00e9rale 2019<\/p><\/div>\n<div id=\"attachment_528\" style=\"width: 418px\" class=\"wp-caption alignleft\"><a href=\"https:\/\/i0.wp.com\/vsf64.fr\/wp-content\/uploads\/2018\/04\/P1110176-Copier.jpg\" data-rel=\"lightbox-image-2\" data-rl_title=\"\" data-rl_caption=\"\" title=\"\"><img data-recalc-dims=\"1\" decoding=\"async\" aria-describedby=\"caption-attachment-528\" data-attachment-id=\"528\" data-permalink=\"https:\/\/vsf64.fr\/index.php\/2018\/04\/25\/les-membres-de-villages-sans-frontieres-se-sont-reunis\/p1110176-copier\/\" data-orig-file=\"https:\/\/i0.wp.com\/vsf64.fr\/wp-content\/uploads\/2018\/04\/P1110176-Copier.jpg?fit=1600%2C1200&amp;ssl=1\" data-orig-size=\"1600,1200\" data-comments-opened=\"0\" data-image-meta=\"{&quot;aperture&quot;:&quot;4.5&quot;,&quot;credit&quot;:&quot;&quot;,&quot;camera&quot;:&quot;DMC-FZ200&quot;,&quot;caption&quot;:&quot;&quot;,&quot;created_timestamp&quot;:&quot;1524342053&quot;,&quot;copyright&quot;:&quot;&quot;,&quot;focal_length&quot;:&quot;4.5&quot;,&quot;iso&quot;:&quot;100&quot;,&quot;shutter_speed&quot;:&quot;0.004&quot;,&quot;title&quot;:&quot;&quot;,&quot;orientation&quot;:&quot;1&quot;}\" data-image-title=\"Les participants \u00e0 l&amp;rsquo;assembl\u00e9e g\u00e9n\u00e9rale\" data-image-description=\"\" data-image-caption=\"&lt;p&gt;Une vingtaine de membres \u00e9tait pr\u00e9sente pour l&amp;rsquo;assembl\u00e9e g\u00e9n\u00e9rale 2018.&lt;\/p&gt;\n\" data-medium-file=\"https:\/\/i0.wp.com\/vsf64.fr\/wp-content\/uploads\/2018\/04\/P1110176-Copier.jpg?fit=300%2C225&amp;ssl=1\" data-large-file=\"https:\/\/i0.wp.com\/vsf64.fr\/wp-content\/uploads\/2018\/04\/P1110176-Copier.jpg?fit=640%2C480&amp;ssl=1\" class=\" wp-image-528\" src=\"https:\/\/i0.wp.com\/vsf64.fr\/wp-content\/uploads\/2018\/04\/P1110176-Copier.jpg?resize=408%2C306\" alt=\"AG\" width=\"408\" height=\"306\" srcset=\"https:\/\/i0.wp.com\/vsf64.fr\/wp-content\/uploads\/2018\/04\/P1110176-Copier.jpg?w=1600&amp;ssl=1 1600w, https:\/\/i0.wp.com\/vsf64.fr\/wp-content\/uploads\/2018\/04\/P1110176-Copier.jpg?resize=300%2C225&amp;ssl=1 300w, https:\/\/i0.wp.com\/vsf64.fr\/wp-content\/uploads\/2018\/04\/P1110176-Copier.jpg?resize=768%2C576&amp;ssl=1 768w, https:\/\/i0.wp.com\/vsf64.fr\/wp-content\/uploads\/2018\/04\/P1110176-Copier.jpg?resize=1024%2C768&amp;ssl=1 1024w, https:\/\/i0.wp.com\/vsf64.fr\/wp-content\/uploads\/2018\/04\/P1110176-Copier.jpg?resize=600%2C450&amp;ssl=1 600w, https:\/\/i0.wp.com\/vsf64.fr\/wp-content\/uploads\/2018\/04\/P1110176-Copier.jpg?w=1280&amp;ssl=1 1280w\" sizes=\"(max-width: 408px) 100vw, 408px\" \/><\/a><p id=\"caption-attachment-528\" class=\"wp-caption-text\">Une vingtaine de membres \u00e9tait pr\u00e9sente pour l&rsquo;assembl\u00e9e g\u00e9n\u00e9rale 2018.<\/p><\/div>\n<h3><\/h3>\n<h3><\/h3>\n<h3><\/h3>\n<h3><\/h3>\n<h3><\/h3>\n<h3><\/h3>\n<h3><\/h3>\n<h3><\/h3>\n<h3><\/h3>\n<h3 class=\"western\"><span style=\"text-decoration: underline;\"><strong>Les fondateurs de l\u2019association Villages Sans Fronti\u00e8res<\/strong><\/span><\/h3>\n<p><strong>Margrietha<\/strong> (dite Greet)<strong> BARTH\u00c9LEMY van der Kreek<\/strong>. De nationalit\u00e9 Hollandaise et Fran\u00e7aise, est n\u00e9e en 1926, est devenue une brillante \u00e9tudiante en m\u00e9decine, doubl\u00e9e, dans les ann\u00e9es 1940-1944, d\u2019une r\u00e9sistante fort active.<\/p>\n<p><a href=\"https:\/\/i0.wp.com\/vsf64.fr\/wp-content\/uploads\/2015\/10\/Fondateurs.jpg\" data-rel=\"lightbox-image-3\" data-rl_title=\"\" data-rl_caption=\"\" title=\"\"><img data-recalc-dims=\"1\" loading=\"lazy\" decoding=\"async\" data-attachment-id=\"388\" data-permalink=\"https:\/\/vsf64.fr\/index.php\/qui-sommes-nous\/fondateurs\/\" data-orig-file=\"https:\/\/i0.wp.com\/vsf64.fr\/wp-content\/uploads\/2015\/10\/Fondateurs.jpg?fit=6744%2C4092&amp;ssl=1\" data-orig-size=\"6744,4092\" data-comments-opened=\"0\" data-image-meta=\"{&quot;aperture&quot;:&quot;0&quot;,&quot;credit&quot;:&quot;&quot;,&quot;camera&quot;:&quot;&quot;,&quot;caption&quot;:&quot;&quot;,&quot;created_timestamp&quot;:&quot;0&quot;,&quot;copyright&quot;:&quot;&quot;,&quot;focal_length&quot;:&quot;0&quot;,&quot;iso&quot;:&quot;0&quot;,&quot;shutter_speed&quot;:&quot;0&quot;,&quot;title&quot;:&quot;&quot;,&quot;orientation&quot;:&quot;0&quot;}\" data-image-title=\"Guy Greet Barthelemy &amp;#8211; Albert Schweitzer\" data-image-description=\"\" data-image-caption=\"\" data-medium-file=\"https:\/\/i0.wp.com\/vsf64.fr\/wp-content\/uploads\/2015\/10\/Fondateurs.jpg?fit=300%2C182&amp;ssl=1\" data-large-file=\"https:\/\/i0.wp.com\/vsf64.fr\/wp-content\/uploads\/2015\/10\/Fondateurs.jpg?fit=640%2C388&amp;ssl=1\" class=\"alignnone size-large wp-image-388\" src=\"https:\/\/i0.wp.com\/vsf64.fr\/wp-content\/uploads\/2015\/10\/Fondateurs-1024x621.jpg?resize=640%2C388\" alt=\"Guy Greet Barthelemy - Albert Schweitzer\" width=\"640\" height=\"388\" srcset=\"https:\/\/i0.wp.com\/vsf64.fr\/wp-content\/uploads\/2015\/10\/Fondateurs.jpg?resize=1024%2C621&amp;ssl=1 1024w, https:\/\/i0.wp.com\/vsf64.fr\/wp-content\/uploads\/2015\/10\/Fondateurs.jpg?resize=300%2C182&amp;ssl=1 300w, https:\/\/i0.wp.com\/vsf64.fr\/wp-content\/uploads\/2015\/10\/Fondateurs.jpg?resize=600%2C364&amp;ssl=1 600w, https:\/\/i0.wp.com\/vsf64.fr\/wp-content\/uploads\/2015\/10\/Fondateurs.jpg?w=1280&amp;ssl=1 1280w, https:\/\/i0.wp.com\/vsf64.fr\/wp-content\/uploads\/2015\/10\/Fondateurs.jpg?w=1920&amp;ssl=1 1920w\" sizes=\"(max-width: 640px) 100vw, 640px\" \/><\/a><\/p>\n<p style=\"text-align: center;\"><em>Guy et Greet avec le Dr Albert Schweitzer<\/em><\/p>\n<p>Apr\u00e8s quelques stages (dont un en tant qu&rsquo;assistante d\u2019un chirurgien remarquable) elle commence \u00e0 rechercher sa voie en m\u00e9decine tropicale. Un jour, on lui parle de l\u2019\u0153uvre d\u2019<strong>Albert Schweitzer<\/strong>. Elle se d\u00e9place en Alsace pour rencontrer l\u2019homme c\u00e9l\u00e8bre de Lambar\u00e9n\u00e9 (Gabon, Afrique). Il se contente de lui poser deux questions\u00a0: \u00ab<strong>\u00a0Dors-tu bien\u00a0?\u00a0<\/strong>\u00bb puis \u00ab<strong>\u00a0As-tu le sens de l\u2019humour\u00a0?<\/strong>\u00a0\u00bb et, quelques mois plus tard, elle se retrouve au Gabon.<\/p>\n<p>S\u2019ensuivent cinq ans de travail m\u00e9dical intense comme chirurgien-chef, avec \u00e0 son actif \u00e0 peu pr\u00e8s deux mille op\u00e9rations, \u00e9tay\u00e9es tr\u00e8s ponctuellement par l\u2019intervention de sp\u00e9cialistes \u00e9trangers (entre autres, en ophtalmologie, urologie, chirurgie plastique, obst\u00e9trique, etc.)<\/p>\n<p><a href=\"https:\/\/i0.wp.com\/vsf64.fr\/wp-content\/uploads\/2015\/10\/schweitzer2.jpg\" data-rel=\"lightbox-image-4\" data-rl_title=\"\" data-rl_caption=\"\" title=\"\"><img data-recalc-dims=\"1\" loading=\"lazy\" decoding=\"async\" data-attachment-id=\"389\" data-permalink=\"https:\/\/vsf64.fr\/index.php\/qui-sommes-nous\/schweitzer2\/\" data-orig-file=\"https:\/\/i0.wp.com\/vsf64.fr\/wp-content\/uploads\/2015\/10\/schweitzer2.jpg?fit=251%2C400&amp;ssl=1\" data-orig-size=\"251,400\" data-comments-opened=\"0\" data-image-meta=\"{&quot;aperture&quot;:&quot;0&quot;,&quot;credit&quot;:&quot;&quot;,&quot;camera&quot;:&quot;&quot;,&quot;caption&quot;:&quot;&quot;,&quot;created_timestamp&quot;:&quot;0&quot;,&quot;copyright&quot;:&quot;&quot;,&quot;focal_length&quot;:&quot;0&quot;,&quot;iso&quot;:&quot;0&quot;,&quot;shutter_speed&quot;:&quot;0&quot;,&quot;title&quot;:&quot;&quot;,&quot;orientation&quot;:&quot;1&quot;}\" data-image-title=\"A Schweitzer &amp;#8211; Greet Barth\u00e9lemy\" data-image-description=\"\" data-image-caption=\"\" data-medium-file=\"https:\/\/i0.wp.com\/vsf64.fr\/wp-content\/uploads\/2015\/10\/schweitzer2.jpg?fit=188%2C300&amp;ssl=1\" data-large-file=\"https:\/\/i0.wp.com\/vsf64.fr\/wp-content\/uploads\/2015\/10\/schweitzer2.jpg?fit=251%2C400&amp;ssl=1\" class=\"size-full wp-image-389 aligncenter\" src=\"https:\/\/i0.wp.com\/vsf64.fr\/wp-content\/uploads\/2015\/10\/schweitzer2.jpg?resize=251%2C400\" alt=\"A Schweitzer - Greet Barth\u00e9lemy\" width=\"251\" height=\"400\" srcset=\"https:\/\/i0.wp.com\/vsf64.fr\/wp-content\/uploads\/2015\/10\/schweitzer2.jpg?w=251&amp;ssl=1 251w, https:\/\/i0.wp.com\/vsf64.fr\/wp-content\/uploads\/2015\/10\/schweitzer2.jpg?resize=188%2C300&amp;ssl=1 188w\" sizes=\"(max-width: 251px) 100vw, 251px\" \/><\/a><em>Une op\u00e9ration men\u00e9e par Greet sous l\u2019\u0153il attentif\u00a0 du Dr Albert Schweitzer<\/em><\/p>\n<p><strong>Guy BARTH\u00c9LEMY<\/strong>, venu donner un coup de main dans le fonctionnement technique de l\u2019h\u00f4pital, devient le fianc\u00e9 de Greet la chirurgienne en 1960.<\/p>\n<p>Un nouvel \u00e9pisode commence, avec leur retour en Europe et la fondation d\u2019un \u00ab\u00a0<strong>Village Albert Schweitzer<\/strong>\u00a0\u00bb en Dordogne. S\u2019ensuit un travail acharn\u00e9 de treize ans, pour accueillir b\u00e9n\u00e9volement des centaines de personnes en d\u00e9tresse morale ou physique. Exp\u00e9rience passionnante mais pas toujours facile.<\/p>\n<p>Puis, ils furent invit\u00e9s par l\u2019ambassade de l\u2019Inde \u00e0 Paris pour aller s\u00e9journer en Inde dans le but d&rsquo;inspirer les partenaires locaux \u00e0 r\u00e9aliser des projets semblables au \u00ab\u00a0Village Albert Schweitzer\u00a0\u00bb.<\/p>\n<p>Apr\u00e8s cela, ils retourn\u00e8rent en 1970 \u00e0 l\u2019h\u00f4pital de Lambar\u00e9n\u00e9 pendant un an.<\/p>\n<p>Plusieurs ann\u00e9es pass\u00e9es en Hollande comme psychiatre, puis un dipl\u00f4me de naturoth\u00e9rapeute.<\/p>\n<p>Dans les ann\u00e9es 1980, Guy et Greet effectu\u00e8rent quatre ans de travail en Inde, accompagn\u00e9s de leur fille Maria et de leur futur gendre Pascal, dans le cadre d\u2019un centre gandhien.<\/p>\n<p>S\u2019ensuivent plusieurs projets hardis en France, transform\u00e9s en activit\u00e9s d\u2019accueil et de r\u00e9confort pour de nombreuses personnes.<\/p>\n<p>Grand-m\u00e8re, Greet est longtemps demeur\u00e9e l\u2019initiatrice de rencontres et d\u2019id\u00e9es pr\u00e9cieuses, avec des r\u00eaves bien vivants comme celui de \u00ab\u00a0biovillage\u00a0\u00bb.<\/p>\n<p><strong>Guy BARTHELEMY<\/strong> a pass\u00e9 sa jeunesse en familiarit\u00e9 avec la for\u00eat de Fontainebleau, occasion pour lui de profiter de l&rsquo;amiti\u00e9 d&rsquo;un conservateur des Eaux et For\u00eats aussi exceptionnel qu&rsquo;\u00e9tait Roger BLAIS. L&rsquo;exploitation foresti\u00e8re familiale s&rsquo;est mu\u00e9e pour lui, avec le temps, en int\u00e9r\u00eat grandissant pour les arbres et en souci de les prot\u00e9ger. Des s\u00e9jours en Tunisie, Maroc, puis \u00e0 l&rsquo;h\u00f4pital d&rsquo;Albert Schweitzer \u00e0 Lambar\u00e9n\u00e9, ont ensuite orient\u00e9 ses activit\u00e9s vers un travail social, concr\u00e9tis\u00e9 de 1960 \u00e0 1973 par l&rsquo;animation d&rsquo;un village d&rsquo;accueil \u00e0 toutes sortes de d\u00e9tresses en Dordogne, avec sa femme Margrietha, m\u00e9decin-chef de l&rsquo;h\u00f4pital de Lambar\u00e9n\u00e9.<\/p>\n<p>Des missions pour <strong>M\u00e9decins sans Fronti\u00e8res<\/strong>, <strong>H\u00f4pital sans Fronti\u00e8res<\/strong>, <strong>Bureau International du Travail<\/strong>, l&rsquo;ont tout autant mobilis\u00e9 pour des projets de d\u00e9veloppement en pays tropicaux, qui sont encore nombreux.<\/p>\n<p>Jusqu&rsquo;\u00e0 l&rsquo;\u00e2ge de 80 ans, il a toujours g\u00e9r\u00e9 des initiatives d&rsquo;auto-financement en faveur des plus d\u00e9munis. Mais en m\u00eame temps, auteur de diff\u00e9rents ouvrages soucieux de probl\u00e8mes d&rsquo;environnement, et en particulier un consacr\u00e9 au mouvement <strong>Chipko<\/strong> en Inde (sauver les for\u00eats de l&rsquo;Himalaya) il a su rester vigilant face aux entreprises de plus en plus d\u00e9mentielles de d\u00e9boisement, destin\u00e9es \u00e0 transformer la plan\u00e8te en d\u00e9sert pour un vulgaire profit imm\u00e9diat. Le rappel du sens du sacr\u00e9, prot\u00e9geant les for\u00eats depuis des temps imm\u00e9moriaux, est l\u00e0 pour nous amener \u00e0 r\u00e9fl\u00e9chir et r\u00e9agir pendant qu&rsquo;il en est encore temps. Le secret de la vie commence par son respect, sous tous ses aspects.<\/p>\n<p><a href=\"https:\/\/i0.wp.com\/vsf64.fr\/wp-content\/uploads\/2015\/10\/greet.jpg\" data-rel=\"lightbox-image-5\" data-rl_title=\"\" data-rl_caption=\"\" title=\"\"><img data-recalc-dims=\"1\" loading=\"lazy\" decoding=\"async\" data-attachment-id=\"390\" data-permalink=\"https:\/\/vsf64.fr\/index.php\/qui-sommes-nous\/greet\/\" data-orig-file=\"https:\/\/i0.wp.com\/vsf64.fr\/wp-content\/uploads\/2015\/10\/greet.jpg?fit=200%2C296&amp;ssl=1\" data-orig-size=\"200,296\" data-comments-opened=\"0\" data-image-meta=\"{&quot;aperture&quot;:&quot;0&quot;,&quot;credit&quot;:&quot;&quot;,&quot;camera&quot;:&quot;&quot;,&quot;caption&quot;:&quot;&quot;,&quot;created_timestamp&quot;:&quot;0&quot;,&quot;copyright&quot;:&quot;&quot;,&quot;focal_length&quot;:&quot;0&quot;,&quot;iso&quot;:&quot;0&quot;,&quot;shutter_speed&quot;:&quot;0&quot;,&quot;title&quot;:&quot;&quot;,&quot;orientation&quot;:&quot;0&quot;}\" data-image-title=\"Greet Barth\u00e9lemy\" data-image-description=\"\" data-image-caption=\"\" data-medium-file=\"https:\/\/i0.wp.com\/vsf64.fr\/wp-content\/uploads\/2015\/10\/greet.jpg?fit=200%2C296&amp;ssl=1\" data-large-file=\"https:\/\/i0.wp.com\/vsf64.fr\/wp-content\/uploads\/2015\/10\/greet.jpg?fit=200%2C296&amp;ssl=1\" class=\"alignnone size-full wp-image-390\" src=\"https:\/\/i0.wp.com\/vsf64.fr\/wp-content\/uploads\/2015\/10\/greet.jpg?resize=200%2C296\" alt=\"Greet Barth\u00e9lemy\" width=\"200\" height=\"296\" \/><\/a><\/p>\n<p><strong>Greet BARTH\u00c9LEMY<\/strong>, ancienne chirurgienne-chef de l\u2019h\u00f4pital Albert Schweitzer \u00e0 Lambar\u00e9n\u00e9. D\u00e9c\u00e9d\u00e9e en 2016.<\/p>\n<p><a href=\"https:\/\/i0.wp.com\/vsf64.fr\/wp-content\/uploads\/2015\/10\/guy.jpg\" data-rel=\"lightbox-image-6\" data-rl_title=\"\" data-rl_caption=\"\" title=\"\"><img data-recalc-dims=\"1\" loading=\"lazy\" decoding=\"async\" data-attachment-id=\"391\" data-permalink=\"https:\/\/vsf64.fr\/index.php\/qui-sommes-nous\/guy\/\" data-orig-file=\"https:\/\/i0.wp.com\/vsf64.fr\/wp-content\/uploads\/2015\/10\/guy.jpg?fit=200%2C241&amp;ssl=1\" data-orig-size=\"200,241\" data-comments-opened=\"0\" data-image-meta=\"{&quot;aperture&quot;:&quot;0&quot;,&quot;credit&quot;:&quot;&quot;,&quot;camera&quot;:&quot;&quot;,&quot;caption&quot;:&quot;&quot;,&quot;created_timestamp&quot;:&quot;0&quot;,&quot;copyright&quot;:&quot;&quot;,&quot;focal_length&quot;:&quot;0&quot;,&quot;iso&quot;:&quot;0&quot;,&quot;shutter_speed&quot;:&quot;0&quot;,&quot;title&quot;:&quot;&quot;,&quot;orientation&quot;:&quot;1&quot;}\" data-image-title=\"Guy Barh\u00e9lemy\" data-image-description=\"\" data-image-caption=\"\" data-medium-file=\"https:\/\/i0.wp.com\/vsf64.fr\/wp-content\/uploads\/2015\/10\/guy.jpg?fit=200%2C241&amp;ssl=1\" data-large-file=\"https:\/\/i0.wp.com\/vsf64.fr\/wp-content\/uploads\/2015\/10\/guy.jpg?fit=200%2C241&amp;ssl=1\" class=\"alignnone size-full wp-image-391\" src=\"https:\/\/i0.wp.com\/vsf64.fr\/wp-content\/uploads\/2015\/10\/guy.jpg?resize=200%2C241\" alt=\"Guy Barh\u00e9lemy\" width=\"200\" height=\"241\" \/><\/a><\/p>\n<p><strong>Guy BARTH\u00c9LEMY<\/strong>, \u00e9crivain, \u00e9diteur, ancien consultant du Bureau International du Travail. D\u00e9c\u00e9d\u00e9 en 2011<\/p>\n<p>Voil\u00e0 pourquoi, \u00e0 notre \u00e9chelle, nous sommes heureux d&rsquo;\u00eatre demeur\u00e9s un peu des aventuriers de l&rsquo;esprit, \u00e0 m\u00eame de bousculer nos propres habitudes \u00e0 l&rsquo;occasion, et de perp\u00e9tuer notre ing\u00e9nuit\u00e9 \u00e0 travers cet \u00e2ge d&rsquo;airain !<\/p>\n<p><span style=\"border-radius: 2px; text-indent: 20px; width: auto; padding: 0px 4px 0px 0px; text-align: center; font: bold 11px\/20px 'Helvetica Neue',Helvetica,sans-serif; color: #ffffff; background: #bd081c no-repeat scroll 3px 50% \/ 14px 14px; position: absolute; opacity: 1; z-index: 8675309; display: none; cursor: pointer; top: 977px; left: 215px;\">Enregistrer<\/span><\/p>\n<p><span style=\"border-radius: 2px; text-indent: 20px; width: auto; padding: 0px 4px 0px 0px; text-align: center; font: bold 11px\/20px 'Helvetica Neue',Helvetica,sans-serif; color: #ffffff; background: #bd081c no-repeat scroll 3px 50% \/ 14px 14px; position: absolute; opacity: 1; z-index: 8675309; display: none; cursor: pointer; top: 977px; left: 215px;\">Enregistrer<\/span><\/p>\n<p><span style=\"border-radius: 2px; text-indent: 20px; width: auto; padding: 0px 4px 0px 0px; text-align: center; font: bold 11px\/20px 'Helvetica Neue',Helvetica,sans-serif; color: #ffffff; background: #bd081c no-repeat scroll 3px 50% \/ 14px 14px; position: absolute; opacity: 1; z-index: 8675309; display: none; cursor: pointer;\">Enregistrer<\/span><\/p>\n","protected":false},"excerpt":{"rendered":"<p>Les membres de Villages Sans Fronti\u00e8res Les fondateurs de l\u2019association Villages Sans Fronti\u00e8res Margrietha (dite Greet) BARTH\u00c9LEMY van der Kreek. De nationalit\u00e9 Hollandaise et Fran\u00e7aise, est n\u00e9e en 1926, est devenue une brillante \u00e9tudiante en m\u00e9decine, doubl\u00e9e, dans les ann\u00e9es &hellip; <a href=\"https:\/\/vsf64.fr\/index.php\/qui-sommes-nous\/\">Continuer la lecture <span class=\"meta-nav\">&rarr;<\/span><\/a><\/p>\n","protected":false},"author":1,"featured_media":0,"parent":0,"menu_order":3,"comment_status":"closed","ping_status":"closed","template":"","meta":{"jetpack_post_was_ever_published":false,"footnotes":""},"class_list":["post-18","page","type-page","status-publish","hentry"],"jetpack_sharing_enabled":true,"jetpack_shortlink":"https:\/\/wp.me\/P8Gxst-i","jetpack-related-posts":[{"id":103,"url":"https:\/\/vsf64.fr\/index.php\/nos-partenaires\/","url_meta":{"origin":18,"position":0},"title":"Nos partenaires","author":"maria64","date":"16 novembre 2015","format":false,"excerpt":"En Inde : L'association Magan Sangrahalaya repr\u00e9sent\u00e9e par Dr Vibha Gupta. Cette association s'occupe essentiellement de venir en aide aux femmes qui ont besoin de travailler pour faire vivre leur famille. L'\u00e9quipe de Magan Sangrahalaya forme, accompagne et soutient des centaines de femmes de 40 villages aux alentours de Wardha\u2026","rel":"","context":"Article similaire","block_context":{"text":"Article similaire","link":""},"img":{"alt_text":"","src":"https:\/\/i0.wp.com\/vsf64.fr\/wp-content\/uploads\/2025\/10\/IMG_20250301_162606-169x300.jpg?resize=350%2C200&ssl=1","width":350,"height":200},"classes":[]}],"_links":{"self":[{"href":"https:\/\/vsf64.fr\/index.php\/wp-json\/wp\/v2\/pages\/18","targetHints":{"allow":["GET"]}}],"collection":[{"href":"https:\/\/vsf64.fr\/index.php\/wp-json\/wp\/v2\/pages"}],"about":[{"href":"https:\/\/vsf64.fr\/index.php\/wp-json\/wp\/v2\/types\/page"}],"author":[{"embeddable":true,"href":"https:\/\/vsf64.fr\/index.php\/wp-json\/wp\/v2\/users\/1"}],"replies":[{"embeddable":true,"href":"https:\/\/vsf64.fr\/index.php\/wp-json\/wp\/v2\/comments?post=18"}],"version-history":[{"count":11,"href":"https:\/\/vsf64.fr\/index.php\/wp-json\/wp\/v2\/pages\/18\/revisions"}],"predecessor-version":[{"id":1816,"href":"https:\/\/vsf64.fr\/index.php\/wp-json\/wp\/v2\/pages\/18\/revisions\/1816"}],"wp:attachment":[{"href":"https:\/\/vsf64.fr\/index.php\/wp-json\/wp\/v2\/media?parent=18"}],"curies":[{"name":"wp","href":"https:\/\/api.w.org\/{rel}","templated":true}]}}