{"id":100,"date":"2015-11-16T22:06:40","date_gmt":"2015-11-16T21:06:40","guid":{"rendered":"http:\/\/vsf64.fr\/?page_id=100"},"modified":"2024-09-19T17:35:51","modified_gmt":"2024-09-19T16:35:51","slug":"contact","status":"publish","type":"page","link":"https:\/\/vsf64.fr\/index.php\/contact\/","title":{"rendered":"Contact"},"content":{"rendered":"<p><strong>Pour nous contacter :<\/strong><\/p>\n<p style=\"text-align: center;\"><img data-recalc-dims=\"1\" decoding=\"async\" data-attachment-id=\"240\" data-permalink=\"https:\/\/vsf64.fr\/index.php\/contact\/computerscience\/\" data-orig-file=\"https:\/\/i0.wp.com\/vsf64.fr\/wp-content\/uploads\/2015\/11\/ComputerScience.jpg?fit=3000%2C1484&amp;ssl=1\" data-orig-size=\"3000,1484\" data-comments-opened=\"0\" data-image-meta=\"{&quot;aperture&quot;:&quot;0&quot;,&quot;credit&quot;:&quot;&quot;,&quot;camera&quot;:&quot;&quot;,&quot;caption&quot;:&quot;&quot;,&quot;created_timestamp&quot;:&quot;0&quot;,&quot;copyright&quot;:&quot;&quot;,&quot;focal_length&quot;:&quot;0&quot;,&quot;iso&quot;:&quot;0&quot;,&quot;shutter_speed&quot;:&quot;0&quot;,&quot;title&quot;:&quot;&quot;,&quot;orientation&quot;:&quot;1&quot;}\" data-image-title=\"ComputerScience\" data-image-description=\"\" data-image-caption=\"\" data-medium-file=\"https:\/\/i0.wp.com\/vsf64.fr\/wp-content\/uploads\/2015\/11\/ComputerScience.jpg?fit=300%2C148&amp;ssl=1\" data-large-file=\"https:\/\/i0.wp.com\/vsf64.fr\/wp-content\/uploads\/2015\/11\/ComputerScience.jpg?fit=640%2C317&amp;ssl=1\" class=\"size-thumbnail wp-image-240 aligncenter\" src=\"https:\/\/i0.wp.com\/vsf64.fr\/wp-content\/uploads\/2015\/11\/ComputerScience-150x150.jpg?resize=150%2C150\" alt=\"ComputerScience\" width=\"150\" height=\"150\" srcset=\"https:\/\/i0.wp.com\/vsf64.fr\/wp-content\/uploads\/2015\/11\/ComputerScience.jpg?resize=150%2C150&amp;ssl=1 150w, https:\/\/i0.wp.com\/vsf64.fr\/wp-content\/uploads\/2015\/11\/ComputerScience.jpg?zoom=2&amp;resize=150%2C150&amp;ssl=1 300w, https:\/\/i0.wp.com\/vsf64.fr\/wp-content\/uploads\/2015\/11\/ComputerScience.jpg?zoom=3&amp;resize=150%2C150&amp;ssl=1 450w\" sizes=\"(max-width: 150px) 100vw, 150px\" \/><strong><a href=\"mailto:villages.sans.frontieres@laposte.net\" target=\"_blank\" rel=\"noopener noreferrer\">villages.sans.frontieres@laposte.net<\/a><\/strong><\/p>\n<p>ou par courrier :<\/p>\n<h3 style=\"text-align: center;\"><a href=\"https:\/\/i0.wp.com\/vsf64.fr\/wp-content\/uploads\/2015\/11\/lettre.jpg\" data-rel=\"lightbox-image-0\" data-rl_title=\"\" data-rl_caption=\"\" title=\"\"><img data-recalc-dims=\"1\" decoding=\"async\" data-attachment-id=\"233\" data-permalink=\"https:\/\/vsf64.fr\/index.php\/contact\/lettre\/\" data-orig-file=\"https:\/\/i0.wp.com\/vsf64.fr\/wp-content\/uploads\/2015\/11\/lettre.jpg?fit=400%2C265&amp;ssl=1\" data-orig-size=\"400,265\" data-comments-opened=\"0\" data-image-meta=\"{&quot;aperture&quot;:&quot;0&quot;,&quot;credit&quot;:&quot;&quot;,&quot;camera&quot;:&quot;&quot;,&quot;caption&quot;:&quot;&quot;,&quot;created_timestamp&quot;:&quot;0&quot;,&quot;copyright&quot;:&quot;&quot;,&quot;focal_length&quot;:&quot;0&quot;,&quot;iso&quot;:&quot;0&quot;,&quot;shutter_speed&quot;:&quot;0&quot;,&quot;title&quot;:&quot;&quot;,&quot;orientation&quot;:&quot;0&quot;}\" data-image-title=\"ecrire\" data-image-description=\"\" data-image-caption=\"\" data-medium-file=\"https:\/\/i0.wp.com\/vsf64.fr\/wp-content\/uploads\/2015\/11\/lettre.jpg?fit=300%2C199&amp;ssl=1\" data-large-file=\"https:\/\/i0.wp.com\/vsf64.fr\/wp-content\/uploads\/2015\/11\/lettre.jpg?fit=400%2C265&amp;ssl=1\" class=\"wp-image-233 aligncenter\" src=\"https:\/\/i0.wp.com\/vsf64.fr\/wp-content\/uploads\/2015\/11\/lettre-300x199.jpg?resize=154%2C102\" alt=\"ecrire\" width=\"154\" height=\"102\" srcset=\"https:\/\/i0.wp.com\/vsf64.fr\/wp-content\/uploads\/2015\/11\/lettre.jpg?resize=300%2C199&amp;ssl=1 300w, https:\/\/i0.wp.com\/vsf64.fr\/wp-content\/uploads\/2015\/11\/lettre.jpg?w=400&amp;ssl=1 400w\" sizes=\"(max-width: 154px) 100vw, 154px\" \/><\/a><strong>Villages Sans Fronti\u00e8res<\/strong><\/h3>\n<h3 style=\"text-align: center;\"><strong>16 IMPASSE Lasbordes<\/strong><\/h3>\n<h3 style=\"text-align: center;\"><strong>64270 SALIES-DE-BEARN<\/strong><\/h3>\n<p>ou au t\u00e9l\u00e9phone :<\/p>\n<h3 style=\"text-align: center;\"><strong><a href=\"https:\/\/i0.wp.com\/vsf64.fr\/wp-content\/uploads\/2015\/11\/animated-telephone-image-0121.gif\" data-rel=\"lightbox-image-1\" data-rl_title=\"\" data-rl_caption=\"\" title=\"\"><img data-recalc-dims=\"1\" decoding=\"async\" data-attachment-id=\"231\" data-permalink=\"https:\/\/vsf64.fr\/index.php\/contact\/animated-telephone-image-0121\/\" data-orig-file=\"https:\/\/i0.wp.com\/vsf64.fr\/wp-content\/uploads\/2015\/11\/animated-telephone-image-0121.gif?fit=53%2C147&amp;ssl=1\" data-orig-size=\"53,147\" data-comments-opened=\"0\" data-image-meta=\"{&quot;aperture&quot;:&quot;0&quot;,&quot;credit&quot;:&quot;&quot;,&quot;camera&quot;:&quot;&quot;,&quot;caption&quot;:&quot;&quot;,&quot;created_timestamp&quot;:&quot;0&quot;,&quot;copyright&quot;:&quot;&quot;,&quot;focal_length&quot;:&quot;0&quot;,&quot;iso&quot;:&quot;0&quot;,&quot;shutter_speed&quot;:&quot;0&quot;,&quot;title&quot;:&quot;&quot;,&quot;orientation&quot;:&quot;0&quot;}\" data-image-title=\"animated-telephone-image-0121\" data-image-description=\"\" data-image-caption=\"\" data-medium-file=\"https:\/\/i0.wp.com\/vsf64.fr\/wp-content\/uploads\/2015\/11\/animated-telephone-image-0121.gif?fit=53%2C147&amp;ssl=1\" data-large-file=\"https:\/\/i0.wp.com\/vsf64.fr\/wp-content\/uploads\/2015\/11\/animated-telephone-image-0121.gif?fit=53%2C147&amp;ssl=1\" class=\"size-full wp-image-231 alignleft\" src=\"https:\/\/i0.wp.com\/vsf64.fr\/wp-content\/uploads\/2015\/11\/animated-telephone-image-0121.gif?resize=53%2C147\" alt=\"telephone\" width=\"53\" height=\"147\" \/><\/a>05 59 38 06 21<br \/>\n<\/strong><\/h3>\n","protected":false},"excerpt":{"rendered":"<p>Pour nous contacter : villages.sans.frontieres@laposte.net ou par courrier : Villages Sans Fronti\u00e8res 16 IMPASSE Lasbordes 64270 SALIES-DE-BEARN ou au t\u00e9l\u00e9phone : 05 59 38 06 21<\/p>\n","protected":false},"author":1,"featured_media":0,"parent":0,"menu_order":6,"comment_status":"closed","ping_status":"closed","template":"","meta":{"jetpack_post_was_ever_published":false,"footnotes":""},"class_list":["post-100","page","type-page","status-publish","hentry"],"jetpack_sharing_enabled":true,"jetpack_shortlink":"https:\/\/wp.me\/P8Gxst-1C","jetpack-related-posts":[{"id":181,"url":"https:\/\/vsf64.fr\/index.php\/devenir-membre\/","url_meta":{"origin":100,"position":0},"title":"Devenir membre","author":"maria64","date":"26 novembre 2015","format":false,"excerpt":"Vous souhaitez devenir membre de l'association Villages Sans Fronti\u00e8res ? (sous r\u00e9serve d'\u00eatre agr\u00e9\u00e9 par le Conseil d'Administration). et\/ou devenir parrain ou marraine d'une classe indienne\u00a0 ? et\/ ou faire un don \u00e0 l'association pour les projets qu'elle soutient ? ( 66 % d\u00e9ductible des imp\u00f4ts ) Contactez-nous par courrier\u2026","rel":"","context":"Article similaire","block_context":{"text":"Article similaire","link":""},"img":{"alt_text":"LOGO VSF","src":"https:\/\/i0.wp.com\/vsf64.fr\/wp-content\/uploads\/2015\/11\/Logo-VSF.jpg?resize=350%2C200","width":350,"height":200},"classes":[]},{"id":103,"url":"https:\/\/vsf64.fr\/index.php\/nos-partenaires\/","url_meta":{"origin":100,"position":1},"title":"Nos partenaires","author":"maria64","date":"16 novembre 2015","format":false,"excerpt":"En Inde : L'association Magan Sangrahalaya repr\u00e9sent\u00e9e par Dr Vibha Gupta. Cette association s'occupe essentiellement de venir en aide aux femmes qui ont besoin de travailler pour faire vivre leur famille. L'\u00e9quipe de Magan Sangrahalaya forme, accompagne et soutient des centaines de femmes de 40 villages aux alentours de Wardha\u2026","rel":"","context":"Article similaire","block_context":{"text":"Article similaire","link":""},"img":{"alt_text":"","src":"https:\/\/i0.wp.com\/vsf64.fr\/wp-content\/uploads\/2025\/10\/IMG_20250301_162606-169x300.jpg?resize=350%2C200&ssl=1","width":350,"height":200},"classes":[]},{"id":355,"url":"https:\/\/vsf64.fr\/index.php\/nos-partenaires\/magan-sangrahalaya-a-wardha\/","url_meta":{"origin":100,"position":2},"title":"Magan Sangrahalaya \u00e0 Wardha","author":"maria64","date":"18 octobre 2016","format":false,"excerpt":"L\u2019association Magan Sangrahalaya repr\u00e9sent\u00e9e par Dr Vibha Gupta. Cette association\u00a0 s\u2019occupe essentiellement de venir en aide aux femmes qui ont besoin de travailler pour faire vivre leur famille. L\u2019\u00e9quipe de Magan Sangrahalaya forme, accompagne et soutient des milliers de femmes de plus de 100 villages aux alentours de Wardha (proche\u2026","rel":"","context":"Article similaire","block_context":{"text":"Article similaire","link":""},"img":{"alt_text":"Dr Vibha Gupta","src":"https:\/\/i0.wp.com\/vsf64.fr\/wp-content\/uploads\/2015\/11\/Vibha.jpg?resize=350%2C200","width":350,"height":200},"classes":[]},{"id":22,"url":"https:\/\/vsf64.fr\/index.php\/nos-actions\/","url_meta":{"origin":100,"position":3},"title":"Nos actions","author":"maria64","date":"22 octobre 2015","format":false,"excerpt":"INDE : Aide \u00e0 la scolarisation d'enfants aborig\u00e8nes tr\u00e8s pauvres par le parrainage, pour leur offrir de meilleures perspectives d'avenir. Action organis\u00e9e par l'association indienne\u00a0 https:\/\/naitalimsamiti.org\/anand-niketan-school\/\u00e0 Sewagram dans l\u2019\u00c9tat du Maharashtra. \u00c9coliers scolaris\u00e9s \u00e0 Sewagram. Dans le pass\u00e9 jusqu'en 2017 : Aide \u00e0 un centre d\u2019h\u00e9bergement de personnes \u00e2g\u00e9es d\u00e9munies\u2026","rel":"","context":"Article similaire","block_context":{"text":"Article similaire","link":""},"img":{"alt_text":"Ecole Inde","src":"https:\/\/i0.wp.com\/vsf64.fr\/wp-content\/uploads\/2015\/10\/Image2-300x225.jpg?resize=350%2C200","width":350,"height":200},"classes":[]},{"id":219,"url":"https:\/\/vsf64.fr\/index.php\/nos-partenaires\/baba-amte\/","url_meta":{"origin":100,"position":4},"title":"Baba Amte","author":"maria64","date":"2 d\u00e9cembre 2015","format":false,"excerpt":"BABA AMTE N\u00e9 en 1914, d\u2019origine brahmane (caste la plus \u00e9lev\u00e9e de l\u2019Inde) et d\u2019une famille r\u00e9put\u00e9e dans l\u2019\u00e9tat de Maharastra, centre de l'Inde), il fait des \u00e9tudes et devient avocat. Il dispose d\u2019un cabinet florissant. Mari\u00e9 et p\u00e8re de deux gar\u00e7ons (Vikas et Prakash), la vie lui ouvre des\u2026","rel":"","context":"Article similaire","block_context":{"text":"Article similaire","link":""},"img":{"alt_text":"Baba Amte","src":"https:\/\/i0.wp.com\/vsf64.fr\/wp-content\/uploads\/2015\/12\/babaamte.jpg?resize=350%2C200","width":350,"height":200},"classes":[]},{"id":18,"url":"https:\/\/vsf64.fr\/index.php\/qui-sommes-nous\/","url_meta":{"origin":100,"position":5},"title":"Qui sommes-nous ?","author":"maria64","date":"22 octobre 2015","format":false,"excerpt":"Les membres de Villages Sans Fronti\u00e8res Les fondateurs de l\u2019association Villages Sans Fronti\u00e8res Margrietha (dite Greet) BARTH\u00c9LEMY van der Kreek. De nationalit\u00e9 Hollandaise et Fran\u00e7aise, est n\u00e9e en 1926, est devenue une brillante \u00e9tudiante en m\u00e9decine, doubl\u00e9e, dans les ann\u00e9es 1940-1944, d\u2019une r\u00e9sistante fort active. Guy et Greet avec le\u2026","rel":"","context":"Article similaire","block_context":{"text":"Article similaire","link":""},"img":{"alt_text":"AG mai 2025","src":"https:\/\/i0.wp.com\/vsf64.fr\/wp-content\/uploads\/2025\/10\/Avant-le-gouter-300x225.jpg?resize=350%2C200&ssl=1","width":350,"height":200},"classes":[]}],"_links":{"self":[{"href":"https:\/\/vsf64.fr\/index.php\/wp-json\/wp\/v2\/pages\/100","targetHints":{"allow":["GET"]}}],"collection":[{"href":"https:\/\/vsf64.fr\/index.php\/wp-json\/wp\/v2\/pages"}],"about":[{"href":"https:\/\/vsf64.fr\/index.php\/wp-json\/wp\/v2\/types\/page"}],"author":[{"embeddable":true,"href":"https:\/\/vsf64.fr\/index.php\/wp-json\/wp\/v2\/users\/1"}],"replies":[{"embeddable":true,"href":"https:\/\/vsf64.fr\/index.php\/wp-json\/wp\/v2\/comments?post=100"}],"version-history":[{"count":15,"href":"https:\/\/vsf64.fr\/index.php\/wp-json\/wp\/v2\/pages\/100\/revisions"}],"predecessor-version":[{"id":1721,"href":"https:\/\/vsf64.fr\/index.php\/wp-json\/wp\/v2\/pages\/100\/revisions\/1721"}],"wp:attachment":[{"href":"https:\/\/vsf64.fr\/index.php\/wp-json\/wp\/v2\/media?parent=100"}],"curies":[{"name":"wp","href":"https:\/\/api.w.org\/{rel}","templated":true}]}}